{"id":54,"date":"2024-07-31T11:52:59","date_gmt":"2024-07-31T14:52:59","guid":{"rendered":"http:\/\/rmlk.com.br\/?page_id=54"},"modified":"2024-08-26T13:43:36","modified_gmt":"2024-08-26T16:43:36","slug":"sobre","status":"publish","type":"page","link":"https:\/\/rmlk.com.br\/?page_id=54","title":{"rendered":"Sobre"},"content":{"rendered":"\t\t<div data-elementor-type=\"wp-page\" data-elementor-id=\"54\" class=\"elementor elementor-54\">\n\t\t\t\t<div class=\"elementor-element elementor-element-a314543 e-flex e-con-boxed e-con e-parent\" data-id=\"a314543\" data-element_type=\"container\" data-e-type=\"container\" data-settings=\"{&quot;background_background&quot;:&quot;classic&quot;}\">\n\t\t\t\t\t<div class=\"e-con-inner\">\n\t\t\t\t<div class=\"elementor-element elementor-element-435a155 elementor-widget__width-initial elementor-widget elementor-widget-image\" data-id=\"435a155\" data-element_type=\"widget\" data-e-type=\"widget\" data-widget_type=\"image.default\">\n\t\t\t\t<div class=\"elementor-widget-container\">\n\t\t\t\t\t\t\t\t\t\t\t\t\t\t\t<img fetchpriority=\"high\" decoding=\"async\" width=\"1024\" height=\"1024\" src=\"https:\/\/rmlk.com.br\/wp-content\/uploads\/2024\/07\/Logo-fundo-branco-pequena-1024x1024.png\" class=\"attachment-large size-large wp-image-60\" alt=\"\" srcset=\"https:\/\/rmlk.com.br\/wp-content\/uploads\/2024\/07\/Logo-fundo-branco-pequena-1024x1024.png 1024w, https:\/\/rmlk.com.br\/wp-content\/uploads\/2024\/07\/Logo-fundo-branco-pequena-300x300.png 300w, https:\/\/rmlk.com.br\/wp-content\/uploads\/2024\/07\/Logo-fundo-branco-pequena-150x150.png 150w, https:\/\/rmlk.com.br\/wp-content\/uploads\/2024\/07\/Logo-fundo-branco-pequena-768x768.png 768w, https:\/\/rmlk.com.br\/wp-content\/uploads\/2024\/07\/Logo-fundo-branco-pequena.png 1080w\" sizes=\"(max-width: 1024px) 100vw, 1024px\" \/>\t\t\t\t\t\t\t\t\t\t\t\t\t\t\t<\/div>\n\t\t\t\t<\/div>\n\t\t\t\t<div class=\"elementor-element elementor-element-e1aa8a0 elementor-widget__width-initial eael_simple_menu_hamburger_disable_selected_menu_no eael-simple-menu-hamburger-align-right eael-hamburger--tablet elementor-widget elementor-widget-eael-simple-menu\" data-id=\"e1aa8a0\" data-element_type=\"widget\" data-e-type=\"widget\" data-widget_type=\"eael-simple-menu.default\">\n\t\t\t\t<div class=\"elementor-widget-container\">\n\t\t\t\t\t<style>\n                        @media screen and (max-width: 1024px) {\n                            .eael-hamburger--tablet {\n                                .eael-simple-menu-horizontal,\n                                .eael-simple-menu-vertical {\n                                    display: none;\n                                }\n                            }\n                            .eael-hamburger--tablet {\n                                .eael-simple-menu-container .eael-simple-menu-toggle {\n                                    display: block;\n                                }\n                            }\n                        }\n                    <\/style>            <div data-hamburger-icon=\"&lt;svg aria-hidden=&quot;true&quot; class=&quot;e-font-icon-svg e-fas-bars&quot; viewBox=&quot;0 0 448 512&quot; xmlns=&quot;http:\/\/www.w3.org\/2000\/svg&quot;&gt;&lt;path d=&quot;M16 132h416c8.837 0 16-7.163 16-16V76c0-8.837-7.163-16-16-16H16C7.163 60 0 67.163 0 76v40c0 8.837 7.163 16 16 16zm0 160h416c8.837 0 16-7.163 16-16v-40c0-8.837-7.163-16-16-16H16c-8.837 0-16 7.163-16 16v40c0 8.837 7.163 16 16 16zm0 160h416c8.837 0 16-7.163 16-16v-40c0-8.837-7.163-16-16-16H16c-8.837 0-16 7.163-16 16v40c0 8.837 7.163 16 16 16z&quot;&gt;&lt;\/path&gt;&lt;\/svg&gt;\" data-indicator-icon=\"&lt;svg aria-hidden=&quot;true&quot; class=&quot;e-font-icon-svg e-fas-angle-down&quot; viewBox=&quot;0 0 320 512&quot; xmlns=&quot;http:\/\/www.w3.org\/2000\/svg&quot;&gt;&lt;path d=&quot;M143 352.3L7 216.3c-9.4-9.4-9.4-24.6 0-33.9l22.6-22.6c9.4-9.4 24.6-9.4 33.9 0l96.4 96.4 96.4-96.4c9.4-9.4 24.6-9.4 33.9 0l22.6 22.6c9.4 9.4 9.4 24.6 0 33.9l-136 136c-9.2 9.4-24.4 9.4-33.8 0z&quot;&gt;&lt;\/path&gt;&lt;\/svg&gt;\" data-dropdown-indicator-icon=\"&lt;svg class=&quot;e-font-icon-svg e-fas-angle-down&quot; viewBox=&quot;0 0 320 512&quot; xmlns=&quot;http:\/\/www.w3.org\/2000\/svg&quot;&gt;&lt;path d=&quot;M143 352.3L7 216.3c-9.4-9.4-9.4-24.6 0-33.9l22.6-22.6c9.4-9.4 24.6-9.4 33.9 0l96.4 96.4 96.4-96.4c9.4-9.4 24.6-9.4 33.9 0l22.6 22.6c9.4 9.4 9.4 24.6 0 33.9l-136 136c-9.2 9.4-24.4 9.4-33.8 0z&quot;&gt;&lt;\/path&gt;&lt;\/svg&gt;\" class=\"eael-simple-menu-container eael-simple-menu-align-center eael-simple-menu-dropdown-align-left preset-1\" data-hamburger-breakpoints=\"{&quot;mobile&quot;:&quot;Dispositivos m\\u00f3veis no modo retrato (&gt; 767px)&quot;,&quot;tablet&quot;:&quot;Tablet no modo retrato (&gt; 1024px)&quot;,&quot;desktop&quot;:&quot;Desktop (&gt; 2400px)&quot;,&quot;none&quot;:&quot;Nenhum&quot;}\" data-hamburger-device=\"tablet\">\n                <ul id=\"menu-menu-principal\" class=\"eael-simple-menu eael-simple-menu-dropdown-animate-to-top eael-simple-menu-indicator eael-simple-menu-horizontal\"><li id=\"menu-item-71\" class=\"menu-item menu-item-type-custom menu-item-object-custom menu-item-home menu-item-71\"><a href=\"http:\/\/rmlk.com.br\">In\u00edcio<\/a><\/li>\n<li id=\"menu-item-65\" class=\"menu-item menu-item-type-post_type menu-item-object-page menu-item-65\"><a href=\"https:\/\/rmlk.com.br\/?page_id=58\">Servi\u00e7os<\/a><\/li>\n<li id=\"menu-item-66\" class=\"menu-item menu-item-type-post_type menu-item-object-page menu-item-66\"><a href=\"https:\/\/rmlk.com.br\/?page_id=56\">Contato<\/a><\/li>\n<li id=\"menu-item-211\" class=\"menu-item menu-item-type-post_type menu-item-object-page menu-item-211\"><a href=\"https:\/\/rmlk.com.br\/?page_id=54\">Sobre<\/a><\/li>\n<\/ul>                <button class=\"eael-simple-menu-toggle\">\n                    <span class=\"sr-only \">Menu de altern\u00e2ncia de hamb\u00farguer<\/span>\n                    <svg aria-hidden=\"true\" class=\"e-font-icon-svg e-fas-bars\" viewBox=\"0 0 448 512\" xmlns=\"http:\/\/www.w3.org\/2000\/svg\"><path d=\"M16 132h416c8.837 0 16-7.163 16-16V76c0-8.837-7.163-16-16-16H16C7.163 60 0 67.163 0 76v40c0 8.837 7.163 16 16 16zm0 160h416c8.837 0 16-7.163 16-16v-40c0-8.837-7.163-16-16-16H16c-8.837 0-16 7.163-16 16v40c0 8.837 7.163 16 16 16zm0 160h416c8.837 0 16-7.163 16-16v-40c0-8.837-7.163-16-16-16H16c-8.837 0-16 7.163-16 16v40c0 8.837 7.163 16 16 16z\"><\/path><\/svg>                <\/button>\n            <\/div>\n            \t\t\t\t<\/div>\n\t\t\t\t<\/div>\n\t\t\t\t\t<\/div>\n\t\t\t\t<\/div>\n\t\t<div class=\"elementor-element elementor-element-aef32fb e-flex e-con-boxed e-con e-parent\" data-id=\"aef32fb\" data-element_type=\"container\" data-e-type=\"container\" data-settings=\"{&quot;background_background&quot;:&quot;classic&quot;}\">\n\t\t\t\t\t<div class=\"e-con-inner\">\n\t\t\t\t<div class=\"elementor-element elementor-element-68ad1ea elementor-widget__width-initial elementor-widget-mobile__width-initial elementor-widget elementor-widget-heading\" data-id=\"68ad1ea\" data-element_type=\"widget\" data-e-type=\"widget\" data-widget_type=\"heading.default\">\n\t\t\t\t<div class=\"elementor-widget-container\">\n\t\t\t\t\t<h2 class=\"elementor-heading-title elementor-size-default\">SOBRE N\u00d3S<\/h2>\t\t\t\t<\/div>\n\t\t\t\t<\/div>\n\t\t\t\t\t<\/div>\n\t\t\t\t<\/div>\n\t\t<div class=\"elementor-element elementor-element-3a496e2 e-flex e-con-boxed e-con e-parent\" data-id=\"3a496e2\" data-element_type=\"container\" data-e-type=\"container\">\n\t\t\t\t\t<div class=\"e-con-inner\">\n\t\t\t\t<div class=\"elementor-element elementor-element-84811fa elementor-widget elementor-widget-image\" data-id=\"84811fa\" data-element_type=\"widget\" data-e-type=\"widget\" data-widget_type=\"image.default\">\n\t\t\t\t<div class=\"elementor-widget-container\">\n\t\t\t\t\t\t\t\t\t\t\t\t\t\t\t<img decoding=\"async\" width=\"740\" height=\"493\" src=\"https:\/\/rmlk.com.br\/wp-content\/uploads\/2024\/08\/missao.avif\" class=\"attachment-large size-large wp-image-803\" alt=\"\" srcset=\"https:\/\/rmlk.com.br\/wp-content\/uploads\/2024\/08\/missao.avif 740w, https:\/\/rmlk.com.br\/wp-content\/uploads\/2024\/08\/missao-300x200.avif 300w\" sizes=\"(max-width: 740px) 100vw, 740px\" \/>\t\t\t\t\t\t\t\t\t\t\t\t\t\t\t<\/div>\n\t\t\t\t<\/div>\n\t\t\t\t<div class=\"elementor-element elementor-element-4a7c04d elementor-widget elementor-widget-heading\" data-id=\"4a7c04d\" data-element_type=\"widget\" data-e-type=\"widget\" data-widget_type=\"heading.default\">\n\t\t\t\t<div class=\"elementor-widget-container\">\n\t\t\t\t\t<h2 class=\"elementor-heading-title elementor-size-default\">MISS\u00c3O<\/h2>\t\t\t\t<\/div>\n\t\t\t\t<\/div>\n\t\t\t\t<div class=\"elementor-element elementor-element-c26c73a elementor-widget elementor-widget-text-editor\" data-id=\"c26c73a\" data-element_type=\"widget\" data-e-type=\"widget\" data-widget_type=\"text-editor.default\">\n\t\t\t\t<div class=\"elementor-widget-container\">\n\t\t\t\t\t\t\t\t\t<p>Na RM&amp;LK, nossa miss\u00e3o \u00e9 fornecer solu\u00e7\u00f5es cont\u00e1beis de alta qualidade que impulsionem o crescimento e a sustentabilidade dos nossos clientes. Comprometemo-nos a oferecer um servi\u00e7o personalizado e eficiente, utilizando as melhores pr\u00e1ticas cont\u00e1beis e tecnol\u00f3gicas para garantir conformidade, transpar\u00eancia e suporte estrat\u00e9gico. Buscamos n\u00e3o apenas atender \u00e0s necessidades cont\u00e1beis, mas tamb\u00e9m agregar valor aos neg\u00f3cios dos nossos clientes, ajudando-os a tomar decis\u00f5es informadas e a alcan\u00e7ar seus objetivos financeiros<\/p>\t\t\t\t\t\t\t\t<\/div>\n\t\t\t\t<\/div>\n\t\t\t\t\t<\/div>\n\t\t\t\t<\/div>\n\t\t<div class=\"elementor-element elementor-element-dbe7395 e-flex e-con-boxed e-con e-parent\" data-id=\"dbe7395\" data-element_type=\"container\" data-e-type=\"container\">\n\t\t\t\t\t<div class=\"e-con-inner\">\n\t\t\t\t<div class=\"elementor-element elementor-element-6ac29c1 elementor-widget elementor-widget-image\" data-id=\"6ac29c1\" data-element_type=\"widget\" data-e-type=\"widget\" data-widget_type=\"image.default\">\n\t\t\t\t<div class=\"elementor-widget-container\">\n\t\t\t\t\t\t\t\t\t\t\t\t\t\t\t<img decoding=\"async\" width=\"740\" height=\"494\" src=\"https:\/\/rmlk.com.br\/wp-content\/uploads\/2024\/08\/visao.avif\" class=\"attachment-large size-large wp-image-804\" alt=\"\" srcset=\"https:\/\/rmlk.com.br\/wp-content\/uploads\/2024\/08\/visao.avif 740w, https:\/\/rmlk.com.br\/wp-content\/uploads\/2024\/08\/visao-300x200.avif 300w\" sizes=\"(max-width: 740px) 100vw, 740px\" \/>\t\t\t\t\t\t\t\t\t\t\t\t\t\t\t<\/div>\n\t\t\t\t<\/div>\n\t\t\t\t<div class=\"elementor-element elementor-element-73d3df8 elementor-widget elementor-widget-heading\" data-id=\"73d3df8\" data-element_type=\"widget\" data-e-type=\"widget\" data-widget_type=\"heading.default\">\n\t\t\t\t<div class=\"elementor-widget-container\">\n\t\t\t\t\t<h2 class=\"elementor-heading-title elementor-size-default\">VIS\u00c3O<\/h2>\t\t\t\t<\/div>\n\t\t\t\t<\/div>\n\t\t\t\t<div class=\"elementor-element elementor-element-7ae390c elementor-widget elementor-widget-text-editor\" data-id=\"7ae390c\" data-element_type=\"widget\" data-e-type=\"widget\" data-widget_type=\"text-editor.default\">\n\t\t\t\t<div class=\"elementor-widget-container\">\n\t\t\t\t\t\t\t\t\t<p>Ser reconhecida como uma refer\u00eancia no mercado cont\u00e1bil pela excel\u00eancia em servi\u00e7os, inova\u00e7\u00e3o tecnol\u00f3gica e compromisso com o sucesso dos nossos clientes. Aspiramos a ser o parceiro estrat\u00e9gico preferido das empresas que buscam n\u00e3o apenas conformidade cont\u00e1bil, mas tamb\u00e9m uma vis\u00e3o integrada e proativa da gest\u00e3o financeira. Nosso objetivo \u00e9 expandir continuamente nossas capacidades, mantendo a qualidade e a personaliza\u00e7\u00e3o dos nossos servi\u00e7os, para apoiar o crescimento sustent\u00e1vel dos nossos clientes e contribuir para o desenvolvimento econ\u00f4mico e social.<\/p>\t\t\t\t\t\t\t\t<\/div>\n\t\t\t\t<\/div>\n\t\t\t\t\t<\/div>\n\t\t\t\t<\/div>\n\t\t<div class=\"elementor-element elementor-element-1e2ec5a e-flex e-con-boxed e-con e-parent\" data-id=\"1e2ec5a\" data-element_type=\"container\" data-e-type=\"container\">\n\t\t\t\t\t<div class=\"e-con-inner\">\n\t\t\t\t<div class=\"elementor-element elementor-element-f2cf56b elementor-widget elementor-widget-image\" data-id=\"f2cf56b\" data-element_type=\"widget\" data-e-type=\"widget\" data-widget_type=\"image.default\">\n\t\t\t\t<div class=\"elementor-widget-container\">\n\t\t\t\t\t\t\t\t\t\t\t\t\t\t\t<img loading=\"lazy\" decoding=\"async\" width=\"826\" height=\"465\" src=\"https:\/\/rmlk.com.br\/wp-content\/uploads\/2024\/08\/13.jpg\" class=\"attachment-large size-large wp-image-805\" alt=\"\" srcset=\"https:\/\/rmlk.com.br\/wp-content\/uploads\/2024\/08\/13.jpg 826w, https:\/\/rmlk.com.br\/wp-content\/uploads\/2024\/08\/13-300x169.jpg 300w, https:\/\/rmlk.com.br\/wp-content\/uploads\/2024\/08\/13-768x432.jpg 768w\" sizes=\"(max-width: 826px) 100vw, 826px\" \/>\t\t\t\t\t\t\t\t\t\t\t\t\t\t\t<\/div>\n\t\t\t\t<\/div>\n\t\t\t\t<div class=\"elementor-element elementor-element-b4eb2cb elementor-widget elementor-widget-heading\" data-id=\"b4eb2cb\" data-element_type=\"widget\" data-e-type=\"widget\" data-widget_type=\"heading.default\">\n\t\t\t\t<div class=\"elementor-widget-container\">\n\t\t\t\t\t<h2 class=\"elementor-heading-title elementor-size-default\">VALORES<\/h2>\t\t\t\t<\/div>\n\t\t\t\t<\/div>\n\t\t\t\t<div class=\"elementor-element elementor-element-8137c98 elementor-widget elementor-widget-text-editor\" data-id=\"8137c98\" data-element_type=\"widget\" data-e-type=\"widget\" data-widget_type=\"text-editor.default\">\n\t\t\t\t<div class=\"elementor-widget-container\">\n\t\t\t\t\t\t\t\t\t<ul>\n<li><strong>\u00c9tica e Transpar\u00eancia:<\/strong> Conduzimos nossos neg\u00f3cios com integridade, garantindo que todas as nossas a\u00e7\u00f5es sejam pautadas pela honestidade e pelo respeito aos padr\u00f5es \u00e9ticos e legais.&nbsp;<\/li>\n<li><strong>Excel\u00eancia:<\/strong> Buscamos a excel\u00eancia em tudo o que fazemos, comprometendo-nos a entregar servi\u00e7os de alta qualidade que superem as expectativas dos nossos clientes.&nbsp;<\/li>\n<li><strong>Inova\u00e7\u00e3o:<\/strong> Valorizamos a inova\u00e7\u00e3o e a adapta\u00e7\u00e3o cont\u00ednua \u00e0s novas tecnologias e metodologias, assegurando que nossos servi\u00e7os estejam sempre na vanguarda do setor cont\u00e1bil.&nbsp;<\/li>\n<li><strong>Comprometimento:<\/strong> Estamos dedicados ao sucesso dos nossos clientes, oferecendo suporte cont\u00ednuo e personalizado, alinhado \u00e0s necessidades espec\u00edficas de cada neg\u00f3cio.&nbsp;<\/li>\n<li><strong>Respeito e Colabora\u00e7\u00e3o:<\/strong> Promovemos um ambiente de respeito e colabora\u00e7\u00e3o, tanto internamente quanto com nossos clientes, acreditando que o trabalho em equipe e o respeito m\u00fatuo s\u00e3o essenciais para alcan\u00e7ar grandes resultados.<\/li>\n<\/ul>\t\t\t\t\t\t\t\t<\/div>\n\t\t\t\t<\/div>\n\t\t\t\t\t<\/div>\n\t\t\t\t<\/div>\n\t\t<div class=\"elementor-element elementor-element-9ed3644 e-flex e-con-boxed e-con e-parent\" data-id=\"9ed3644\" data-element_type=\"container\" data-e-type=\"container\">\n\t\t\t\t\t<div class=\"e-con-inner\">\n\t\t\t\t\t<\/div>\n\t\t\t\t<\/div>\n\t\t\t\t<\/div>\n\t\t","protected":false},"excerpt":{"rendered":"<p>In\u00edcio Servi\u00e7os Contato Sobre Menu de altern\u00e2ncia de hamb\u00farguer SOBRE N\u00d3S MISS\u00c3O Na RM&amp;LK, nossa miss\u00e3o \u00e9 fornecer solu\u00e7\u00f5es cont\u00e1beis de alta qualidade que impulsionem o crescimento e a sustentabilidade dos nossos clientes. Comprometemo-nos a oferecer um servi\u00e7o personalizado e eficiente, utilizando as melhores pr\u00e1ticas cont\u00e1beis e tecnol\u00f3gicas para garantir conformidade, transpar\u00eancia e suporte estrat\u00e9gico. [&hellip;]<\/p>\n","protected":false},"author":1,"featured_media":0,"parent":0,"menu_order":0,"comment_status":"closed","ping_status":"closed","template":"elementor_canvas","meta":{"footnotes":""},"class_list":["post-54","page","type-page","status-publish","hentry"],"_links":{"self":[{"href":"https:\/\/rmlk.com.br\/index.php?rest_route=\/wp\/v2\/pages\/54","targetHints":{"allow":["GET"]}}],"collection":[{"href":"https:\/\/rmlk.com.br\/index.php?rest_route=\/wp\/v2\/pages"}],"about":[{"href":"https:\/\/rmlk.com.br\/index.php?rest_route=\/wp\/v2\/types\/page"}],"author":[{"embeddable":true,"href":"https:\/\/rmlk.com.br\/index.php?rest_route=\/wp\/v2\/users\/1"}],"replies":[{"embeddable":true,"href":"https:\/\/rmlk.com.br\/index.php?rest_route=%2Fwp%2Fv2%2Fcomments&post=54"}],"version-history":[{"count":25,"href":"https:\/\/rmlk.com.br\/index.php?rest_route=\/wp\/v2\/pages\/54\/revisions"}],"predecessor-version":[{"id":823,"href":"https:\/\/rmlk.com.br\/index.php?rest_route=\/wp\/v2\/pages\/54\/revisions\/823"}],"wp:attachment":[{"href":"https:\/\/rmlk.com.br\/index.php?rest_route=%2Fwp%2Fv2%2Fmedia&parent=54"}],"curies":[{"name":"wp","href":"https:\/\/api.w.org\/{rel}","templated":true}]}}